

 {"id":521,"date":"2019-03-11T15:19:30","date_gmt":"2019-03-11T14:19:30","guid":{"rendered":"https:\/\/uvi.lf1.cuni.cz\/en\/?page_id=521"},"modified":"2025-11-02T23:01:45","modified_gmt":"2025-11-02T22:01:45","slug":"bibliotheca-facultatis-medicae-primae","status":"publish","type":"page","link":"https:\/\/uvi.lf1.cuni.cz\/en\/e-resources\/bibliotheca-facultatis-medicae-primae\/","title":{"rendered":"Bibliotheca facultatis medicae primae"},"content":{"rendered":"<div class=\"pf-content\"><p><a href=\"http:\/\/kramerius.lf1.cuni.cz\" target=\"_blank\" rel=\"noopener noreferrer\">The digital library of 1<sup>st<\/sup>\u00a0FM CU<\/a>\u00a0\u2013 <strong><em>Bibliotheca facultatis medicae primae\u00a0<\/em><\/strong>\u2013 provides access to digitized historical books owned by the First Faculty of Medicine of Charles University. Hence, the documents can serve their purpose, while remaining protected and preserved for future generations. This digital library is still growing and additional rare old prints, manuscripts, and other documents are being uploaded. One part of the collection consists of books and journals, which have some link to the 1st FM CU \u2013 as for example the journal Sborn\u00edk l\u00e9ka\u0159sk\u00fd or educational materials by authors from this faculty.<\/p>\n<p>The digital library is powered by\u00a0<a href=\"http:\/\/kramerius.lf1.cuni.cz\" target=\"_blank\" rel=\"noopener noreferrer\">Kramerius<\/a>.<\/p>\n<p><a href=\"https:\/\/uvi.lf1.cuni.cz\/en\/wp-content\/uploads\/2019\/03\/digitalni-knihovna.jpg\"><img loading=\"lazy\" class=\"size-full wp-image-550 aligncenter\" src=\"https:\/\/uvi.lf1.cuni.cz\/en\/wp-content\/uploads\/2019\/03\/digitalni-knihovna.jpg\" alt=\"\" width=\"1535\" height=\"882\" srcset=\"https:\/\/uvi.lf1.cuni.cz\/en\/wp-content\/uploads\/2019\/03\/digitalni-knihovna.jpg 1535w, https:\/\/uvi.lf1.cuni.cz\/en\/wp-content\/uploads\/2019\/03\/digitalni-knihovna-300x172.jpg 300w, https:\/\/uvi.lf1.cuni.cz\/en\/wp-content\/uploads\/2019\/03\/digitalni-knihovna-768x441.jpg 768w, https:\/\/uvi.lf1.cuni.cz\/en\/wp-content\/uploads\/2019\/03\/digitalni-knihovna-1024x588.jpg 1024w\" sizes=\"(max-width: 1535px) 100vw, 1535px\" \/><\/a><\/p>\n<\/div>","protected":false},"excerpt":{"rendered":"<p>The digital library of 1st\u00a0FM CU\u00a0\u2013 Bibliotheca facultatis medicae primae\u00a0\u2013 provides access to digitized historical books owned by the First Faculty of Medicine of Charles University. Hence, the documents can serve their purpose, while remaining protected and preserved for future generations. This digital library is still growing and additional rare old prints, manuscripts, and other &#8230; <a title=\"Bibliotheca facultatis medicae primae\" class=\"read-more\" href=\"https:\/\/uvi.lf1.cuni.cz\/en\/e-resources\/bibliotheca-facultatis-medicae-primae\/\" aria-label=\"Read more about Bibliotheca facultatis medicae primae\">Read more<\/a><\/p>\n","protected":false},"author":6,"featured_media":0,"parent":17,"menu_order":0,"comment_status":"closed","ping_status":"closed","template":"","meta":[],"_links":{"self":[{"href":"https:\/\/uvi.lf1.cuni.cz\/en\/wp-json\/wp\/v2\/pages\/521"}],"collection":[{"href":"https:\/\/uvi.lf1.cuni.cz\/en\/wp-json\/wp\/v2\/pages"}],"about":[{"href":"https:\/\/uvi.lf1.cuni.cz\/en\/wp-json\/wp\/v2\/types\/page"}],"author":[{"embeddable":true,"href":"https:\/\/uvi.lf1.cuni.cz\/en\/wp-json\/wp\/v2\/users\/6"}],"replies":[{"embeddable":true,"href":"https:\/\/uvi.lf1.cuni.cz\/en\/wp-json\/wp\/v2\/comments?post=521"}],"version-history":[{"count":4,"href":"https:\/\/uvi.lf1.cuni.cz\/en\/wp-json\/wp\/v2\/pages\/521\/revisions"}],"predecessor-version":[{"id":553,"href":"https:\/\/uvi.lf1.cuni.cz\/en\/wp-json\/wp\/v2\/pages\/521\/revisions\/553"}],"up":[{"embeddable":true,"href":"https:\/\/uvi.lf1.cuni.cz\/en\/wp-json\/wp\/v2\/pages\/17"}],"wp:attachment":[{"href":"https:\/\/uvi.lf1.cuni.cz\/en\/wp-json\/wp\/v2\/media?parent=521"}],"curies":[{"name":"wp","href":"https:\/\/api.w.org\/{rel}","templated":true}]}}