

 {"id":61,"date":"2024-11-06T10:30:17","date_gmt":"2024-11-06T09:30:17","guid":{"rendered":"http:\/\/uvi.lf1.cuni.cz\/en\/?page_id=61"},"modified":"2025-11-02T22:18:16","modified_gmt":"2025-11-02T21:18:16","slug":"home","status":"publish","type":"page","link":"https:\/\/uvi.lf1.cuni.cz\/en\/","title":{"rendered":"Home"},"content":{"rendered":"<div class=\"pf-content\"><!-- Widget Shortcode --><div id=\"enhancedtextwidget-5\" class=\"widget widget_text enhanced-text-widget\"><div class=\"textwidget widget-text\"><!DOCTYPE html>\r\n<html lang=\"en\">\r\n<head>\r\n    <meta charset=\"UTF-8\">\r\n    <meta name=\"viewport\" content=\"width=device-width, initial-scale=1.0\">\r\n    <title>Knihovn\u00ed Vyhled\u00e1v\u00e1n\u00ed<\/title>\r\n    <style>\r\n        \/* CSS stylov\u00e1n\u00ed pro knihovn\u00ed vyhled\u00e1v\u00e1n\u00ed *\/\r\n      .search-container {  \r\n        background-image: url(https:\/\/uvi.lf1.cuni.cz\/wp-content\/uploads\/2017\/05\/UK_Pattern_4_blue-e1754914046329.png);\r\n    \/* background-size: cover; *\/\r\n    background-color: rgb(0 52 80 \/ 96%);\r\n    background-position: center;\r\n    \/* background-repeat: no-repeat; *\/\r\n    padding: 23px 55px 5px 55px;\r\n    margin: -98px -65px 5px -65px;\r\n     background-size: 150px;}\r\n        \r\n        .formsearch {\r\n            display: flex;\r\n            align-items: center;\r\n            margin-bottom: 20px;\r\n        }\r\n        .formsearch input[type=\"text\"] {\r\n            flex: 1;\r\n            width: calc(100% - 63px);\r\n            font-size: 1.2rem;\r\n            padding: 10px;\r\n            border: 1px solid #ccc;\r\n            border-radius: 0;\r\n           \/* margin-right: 10px;*\/\r\n        }\r\n     .search-icon {\r\n    display: inline-flex;\r\n    align-items: center;\r\n    justify-content: center;\r\n    width: 55px;\r\n    height: 51px;\r\n    background-color: #D22D40; \/* Nov\u00e1 barva *\/\r\n    color: white;\r\n    font: normal 18px\/1 'dashicons';\r\n    border: none;\r\n    border-radius: 0; \/* \u010ctvercov\u00fd tvar - \u017e\u00e1dn\u00e9 zakulacen\u00ed *\/\r\n    cursor: pointer;\r\n    transition: background-color 0.3s;\r\n}\r\n.search-icon::before {\r\n    content: \"\\f002\";\r\n    font-family: GeneratePress;\r\n    display: inline-block;\r\n    font-size: 18px;\r\n}\r\n.search-icon:hover {\r\n    background-color: #b02538; \/* Tmav\u0161\u00ed odst\u00edn pro hover *\/\r\n}\r\n        #librarySearchLinks {\r\n            font-size: 0.9rem;\r\n            color: #4c4c4c;\r\n            margin-top: 15px;\r\n        }\r\n        #librarySearchLinks p {\r\n            margin: 0;\r\n            text-align: center;\r\n        }\r\n        @media screen and (max-width: 768px) {\r\n          .search-container {\r\n             display:none;\r\n           }\r\n        }\r\n    <\/style>\r\n    <script>\r\n        function searchPrimo() {\r\n            const queryInput = document.getElementById(\"primoQueryTemp\").value;\r\n            document.getElementById(\"primoQuery\").value = \"any,contains,\" + queryInput.replace(\/[,]\/g, \" \");\r\n            document.forms[\"searchForm\"].submit();\r\n        }\r\n    <\/script>\r\n    <!-- Na\u010dten\u00ed Dashicons fontu -->\r\n    <link rel=\"stylesheet\" href=\"https:\/\/cdnjs.cloudflare.com\/ajax\/libs\/wordpress\/5.5.0\/css\/dashicons.min.css\">\r\n<\/head>\r\n<body>\r\n<div class=\"search-container\">\r\n    <div class=\"search\">\r\n        <div class=\"row\">\r\n            <form id=\"simple\" class=\"formsearch\" name=\"searchForm\" method=\"get\" target=\"_self\" \r\n                  action=\"https:\/\/cuni.primo.exlibrisgroup.com\/discovery\/search\" \r\n                  enctype=\"application\/x-www-form-urlencoded; charset=utf-8\" \r\n                  onsubmit=\"searchPrimo()\">\r\n\r\n                <!-- Skryt\u00e9 parametry -->\r\n                <input type=\"hidden\" name=\"vid\" value=\"420CKIS_INST:UKAZ\">\r\n                <input type=\"hidden\" name=\"tab\" value=\"Everything\">\r\n                <input type=\"hidden\" name=\"search_scope\" value=\"MyInst_and_CI\">\r\n                <input type=\"hidden\" name=\"lang\" value=\"en\">\r\n                <input type=\"hidden\" name=\"mode\" value=\"basic\">\r\n                <input type=\"hidden\" name=\"query\" id=\"primoQuery\">\r\n                <input type=\"hidden\" name=\"pcAvailabiltyMode\" value=\"true\">\r\n\r\n                <!-- Viditeln\u00fd vyhled\u00e1vac\u00ed input -->\r\n                <input type=\"text\" id=\"primoQueryTemp\" placeholder=\"Search e-books\" required>\r\n\r\n                <!-- Tla\u010d\u00edtko pro odesl\u00e1n\u00ed -->\r\n                <button type=\"submit\" class=\"search-icon\"><\/button>\r\n            <\/form>\r\n\r\n            <!-- Popisek -->\r\n            <div id=\"librarySearchLinks\">\r\n               \r\n            <\/div>\r\n        <\/div>\r\n    <\/div>\r\n   <\/div> \r\n<\/body>\r\n<\/html><\/div><\/div><!-- \/Widget Shortcode -->\n<div class=\"pt-cv-wrapper\"><div class=\"pt-cv-view pt-cv-blockgrid iscvblock iscvhybrid grid1 layout1\" id=\"pt-cv-view-3c494e3tuy\"><div data-id=\"pt-cv-page-1\" class=\"pt-cv-page\" data-cvc=\"3\"><div class=\" pt-cv-content-item pt-cv-1-col\" ><div class=\"pt-cv-thumb-wrapper  \"><a href=\"https:\/\/uvi.lf1.cuni.cz\/en\/nejm-evidence-new-e-journal\/\" class=\"_self pt-cv-href-thumbnail pt-cv-thumb-default\" target=\"_self\" ><img width=\"300\" height=\"112\" src=\"https:\/\/uvi.lf1.cuni.cz\/en\/wp-content\/uploads\/2026\/03\/logo-nejm_evidence-300x112.png\" class=\"pt-cv-thumbnail\" alt=\"NEJM Evidence\" loading=\"lazy\" srcset=\"https:\/\/uvi.lf1.cuni.cz\/en\/wp-content\/uploads\/2026\/03\/logo-nejm_evidence-300x112.png 300w, https:\/\/uvi.lf1.cuni.cz\/en\/wp-content\/uploads\/2026\/03\/logo-nejm_evidence.png 504w\" sizes=\"(max-width: 300px) 100vw, 300px\" \/><\/a><\/div>\n<div class=\"pt-cv-taxoterm above_title\"><a href='https:\/\/uvi.lf1.cuni.cz\/en\/category\/news\/' title='News' class='pt-cv-tax-news'>News<\/a><\/div>\n<h4 class=\"pt-cv-title\"><a href=\"https:\/\/uvi.lf1.cuni.cz\/en\/nejm-evidence-new-e-journal\/\" class=\"_self\" target=\"_self\" >NEJM Evidence &#8211; new e-journal<\/a><\/h4>\n<div class=\"pt-cv-content\">Charles University has access to the medical journal NEJM Evidence. NEJM Evidence delivers high\u2011quality clinical research that supports informed decision\u2011making ...<br \/><div class=\"pt-cv-rmwrap\"><a href=\"https:\/\/uvi.lf1.cuni.cz\/en\/nejm-evidence-new-e-journal\/\" class=\"_self pt-cv-readmore btn btn-success\" target=\"_self\">Read More<\/a><\/div><\/div><\/div>\n<div class=\" pt-cv-content-item pt-cv-1-col\" ><div class=\"pt-cv-thumb-wrapper  \"><a href=\"https:\/\/uvi.lf1.cuni.cz\/en\/trial-access-osmosis-bmj-databases\/\" class=\"_self pt-cv-href-thumbnail pt-cv-thumb-default\" target=\"_self\" ><img width=\"300\" height=\"169\" src=\"https:\/\/uvi.lf1.cuni.cz\/en\/wp-content\/uploads\/2026\/03\/trial-access-300x169.jpg\" class=\"pt-cv-thumbnail\" alt=\"\" loading=\"lazy\" srcset=\"https:\/\/uvi.lf1.cuni.cz\/en\/wp-content\/uploads\/2026\/03\/trial-access-300x169.jpg 300w, https:\/\/uvi.lf1.cuni.cz\/en\/wp-content\/uploads\/2026\/03\/trial-access-1024x576.jpg 1024w, https:\/\/uvi.lf1.cuni.cz\/en\/wp-content\/uploads\/2026\/03\/trial-access-768x432.jpg 768w, https:\/\/uvi.lf1.cuni.cz\/en\/wp-content\/uploads\/2026\/03\/trial-access-1536x864.jpg 1536w, https:\/\/uvi.lf1.cuni.cz\/en\/wp-content\/uploads\/2026\/03\/trial-access.jpg 1920w\" sizes=\"(max-width: 300px) 100vw, 300px\" \/><\/a><\/div>\n<div class=\"pt-cv-taxoterm above_title\"><a href='https:\/\/uvi.lf1.cuni.cz\/en\/category\/news\/' title='News' class='pt-cv-tax-news'>News<\/a><\/div>\n<h4 class=\"pt-cv-title\"><a href=\"https:\/\/uvi.lf1.cuni.cz\/en\/trial-access-osmosis-bmj-databases\/\" class=\"_self\" target=\"_self\" >Trial access &#8211; Osmosis, BMJ databases<\/a><\/h4>\n<div class=\"pt-cv-content\">NEJM Clinician The NEJM Clinician trial is available until 24th April (formerly NEJM Journal Watch). This title is focused on ...<br \/><div class=\"pt-cv-rmwrap\"><a href=\"https:\/\/uvi.lf1.cuni.cz\/en\/trial-access-osmosis-bmj-databases\/\" class=\"_self pt-cv-readmore btn btn-success\" target=\"_self\">Read More<\/a><\/div><\/div><\/div>\n<div class=\" pt-cv-content-item pt-cv-1-col\" ><div class=\"pt-cv-thumb-wrapper  \"><a href=\"https:\/\/uvi.lf1.cuni.cz\/en\/new-e-books-ovid-healthcare-management-book-collection\/\" class=\"_self pt-cv-href-thumbnail pt-cv-thumb-default\" target=\"_self\" ><img width=\"300\" height=\"169\" src=\"https:\/\/uvi.lf1.cuni.cz\/en\/wp-content\/uploads\/2017\/05\/Ovid-Healthcare-Management-Book-300x169.jpg\" class=\"pt-cv-thumbnail\" alt=\"\" loading=\"lazy\" srcset=\"https:\/\/uvi.lf1.cuni.cz\/en\/wp-content\/uploads\/2017\/05\/Ovid-Healthcare-Management-Book-300x169.jpg 300w, https:\/\/uvi.lf1.cuni.cz\/en\/wp-content\/uploads\/2017\/05\/Ovid-Healthcare-Management-Book-1024x576.jpg 1024w, https:\/\/uvi.lf1.cuni.cz\/en\/wp-content\/uploads\/2017\/05\/Ovid-Healthcare-Management-Book-768x432.jpg 768w, https:\/\/uvi.lf1.cuni.cz\/en\/wp-content\/uploads\/2017\/05\/Ovid-Healthcare-Management-Book-1536x864.jpg 1536w, https:\/\/uvi.lf1.cuni.cz\/en\/wp-content\/uploads\/2017\/05\/Ovid-Healthcare-Management-Book-e1768479518618.jpg 250w\" sizes=\"(max-width: 300px) 100vw, 300px\" \/><\/a><\/div>\n<div class=\"pt-cv-taxoterm above_title\"><a href='https:\/\/uvi.lf1.cuni.cz\/en\/category\/news\/' title='News' class='pt-cv-tax-news'>News<\/a><\/div>\n<h4 class=\"pt-cv-title\"><a href=\"https:\/\/uvi.lf1.cuni.cz\/en\/new-e-books-ovid-healthcare-management-book-collection\/\" class=\"_self\" target=\"_self\" >New e-books Ovid Healthcare Management Book Collection<\/a><\/h4>\n<div class=\"pt-cv-content\">Since January 1, 2026, the 1st Faculty of Medicine and the General Teaching Hospital have a newly available collection of ...<br \/><div class=\"pt-cv-rmwrap\"><a href=\"https:\/\/uvi.lf1.cuni.cz\/en\/new-e-books-ovid-healthcare-management-book-collection\/\" class=\"_self pt-cv-readmore btn btn-success\" target=\"_self\">Read More<\/a><\/div><\/div><\/div><\/div><\/div>\n<div class=\" pt-cv-pagination-wrapper\"><ul class=\"pt-cv-pagination pt-cv-ajax pagination\" data-totalpages=\"4\" data-currentpage=\"1\" data-sid=\"3c494e3tuy\" data-unid=\"\" data-isblock=\"\" data-postid=\"\"><li class=\"active\"><a href=\"#\">1<\/a><\/li>\n\t<li ><a class=\"\" href=\"https:\/\/uvi.lf1.cuni.cz\/en\/wp-json\/wp\/v2\/pages\/61\/?_page=2\">2<\/a><\/li>\n\t<li ><a class=\"\" href=\"https:\/\/uvi.lf1.cuni.cz\/en\/wp-json\/wp\/v2\/pages\/61\/?_page=3\">3<\/a><\/li>\n\t<li ><a class=\"\" href=\"https:\/\/uvi.lf1.cuni.cz\/en\/wp-json\/wp\/v2\/pages\/61\/?_page=4\">4<\/a><\/li>\n\t<li ><a class=\" \" href=\"https:\/\/uvi.lf1.cuni.cz\/en\/wp-json\/wp\/v2\/pages\/61\/?_page=2\">&rsaquo;<\/a><\/li>\n\t<\/ul><img width=\"15\" height=\"15\" class=\"pt-cv-spinner\" alt=\"Loading...\" src=\"data:image\/gif;base64,R0lGODlhDwAPALMPAMrKygwMDJOTkz09PZWVla+vr3p6euTk5M7OzuXl5TMzMwAAAJmZmWZmZszMzP\/\/\/yH\/C05FVFNDQVBFMi4wAwEAAAAh+QQFCgAPACwAAAAADwAPAAAEQvDJaZaZOIcV8iQK8VRX4iTYoAwZ4iCYoAjZ4RxejhVNoT+mRGP4cyF4Pp0N98sBGIBMEMOotl6YZ3S61Bmbkm4mAgAh+QQFCgAPACwAAAAADQANAAAENPDJSRSZeA418itN8QiK8BiLITVsFiyBBIoYqnoewAD4xPw9iY4XLGYSjkQR4UAUD45DLwIAIfkEBQoADwAsAAAAAA8ACQAABC\/wyVlamTi3nSdgwFNdhEJgTJoNyoB9ISYoQmdjiZPcj7EYCAeCF1gEDo4Dz2eIAAAh+QQFCgAPACwCAAAADQANAAAEM\/DJBxiYeLKdX3IJZT1FU0iIg2RNKx3OkZVnZ98ToRD4MyiDnkAh6BkNC0MvsAj0kMpHBAAh+QQFCgAPACwGAAAACQAPAAAEMDC59KpFDll73HkAA2wVY5KgiK5b0RRoI6MuzG6EQqCDMlSGheEhUAgqgUUAFRySIgAh+QQFCgAPACwCAAIADQANAAAEM\/DJKZNLND\/kkKaHc3xk+QAMYDKsiaqmZCxGVjSFFCxB1vwy2oOgIDxuucxAMTAJFAJNBAAh+QQFCgAPACwAAAYADwAJAAAEMNAs86q1yaWwwv2Ig0jUZx3OYa4XoRAfwADXoAwfo1+CIjyFRuEho60aSNYlOPxEAAAh+QQFCgAPACwAAAIADQANAAAENPA9s4y8+IUVcqaWJ4qEQozSoAzoIyhCK2NFU2SJk0hNnyEOhKR2AzAAj4Pj4GE4W0bkJQIAOw==\" \/><div class=\"clear pt-cv-clear-pagination\"><\/div><\/div><\/div>\t\t\t<style type=\"text\/css\" id=\"pt-cv-inline-style-e8b59e5n8z\">\n#pt-cv-view-3c494e3tuy .pt-cv-thumb-wrapper:not(.miniwrap) {  }#pt-cv-view-3c494e3tuy .pt-cv-thumbnail:not(.pt-cv-thumbnailsm) { height: 250px; }#pt-cv-view-3c494e3tuy > .pt-cv-page {grid-template-columns: repeat(3, 1fr);grid-gap: 15px;}\n@media all and (max-width: 1024px) { \n#pt-cv-view-3c494e3tuy > .pt-cv-page {grid-template-columns: repeat(1, 1fr);}\n} \n@media all and (max-width: 767px) { \n#pt-cv-view-3c494e3tuy > .pt-cv-page {grid-template-columns: repeat(1, 1fr);}\n} <\/style>\r\n\t\t\t\n<a id=\"time\"><\/a><div class=\"su-divider su-divider-style-default\" style=\"margin:15px 0;border-width:16px;border-color:#02344F\"><\/div>\n<div class=\"su-row\"><div class=\"su-column su-column-size-1-2\"><div class=\"su-column-inner su-clearfix\">\n<h1><a href=\"https:\/\/uvi.lf1.cuni.cz\/wp-content\/uploads\/2025\/10\/knihovna.png\"><img loading=\"lazy\" class=\"size-full wp-image-9206 alignnone\" src=\"https:\/\/uvi.lf1.cuni.cz\/wp-content\/uploads\/2025\/10\/knihovna.png\" alt=\"\" width=\"50\" height=\"50\" \/> <\/a>Loan desk<\/h1>\n\n<span class=\"mb-bhi-display mb-bhi-closed\">\n\tIt's<span class=\"mb-bhi-day\"> Friday<\/span><span class=\"mb-bhi-time\"> 3:34 AM<\/span> &mdash; <span class=\"mb-bhi-oc-text\">Sorry, we're closed<\/span><\/span>\n\n<div class=\"su-spoiler su-spoiler-style-default su-spoiler-icon-chevron click su-spoiler-closed\"><div class=\"su-spoiler-title\"><span class=\"su-spoiler-icon\"><\/span>Open hour<\/div><div class=\"su-spoiler-content su-clearfix\" style=\"display:none\">\n<table class=\"mabel-bhi-businesshours\"><thead><th>Day<\/th><th>Open hour<\/th><\/thead><tr ><td>Monday<\/td><td>8:00 AM &mdash; 6:00 PM<\/td><\/tr><tr ><td>Tuesday<\/td><td>10:00 AM &mdash; 6:00 PM<\/td><\/tr><tr ><td>Wednesday - Thursday<\/td><td>8:00 AM &mdash; 6:00 PM<\/td><\/tr><tr class=\"mbhi-is-current\"><td>Friday<\/td><td>8:00 AM &mdash; 4:00 PM<\/td><\/tr><tr ><td>Saturday - Sunday<\/td><td>Closed<\/td><\/tr><\/table>\n<\/div><\/div>\n<\/div><\/div>\n<div class=\"su-column su-column-size-1-2\"><div class=\"su-column-inner su-clearfix\">\n<h1><a href=\"https:\/\/uvi.lf1.cuni.cz\/wp-content\/uploads\/2025\/10\/studovna.png\"><img loading=\"lazy\" class=\"size-full wp-image-9210 alignnone\" src=\"https:\/\/uvi.lf1.cuni.cz\/wp-content\/uploads\/2025\/10\/studovna.png\" alt=\"\" width=\"50\" height=\"55\" \/> <\/a>Study room<\/h1>\n\n<span class=\"mb-bhi-display mb-bhi-closed\">\n\tIt's<span class=\"mb-bhi-day\"> Friday<\/span><span class=\"mb-bhi-time\"> 3:34 AM<\/span> &mdash; <span class=\"mb-bhi-oc-text\">Sorry, we're closed<\/span><\/span>\n\n<div class=\"su-spoiler su-spoiler-style-default su-spoiler-icon-chevron click su-spoiler-closed\"><div class=\"su-spoiler-title\"><span class=\"su-spoiler-icon\"><\/span>Open hour<\/div><div class=\"su-spoiler-content su-clearfix\" style=\"display:none\">\n<table class=\"mabel-bhi-businesshours\"><thead><th>Day<\/th><th>Open hour<\/th><\/thead><tr ><td>Monday<\/td><td>8:00 AM &mdash; 8:00 PM<\/td><\/tr><tr ><td>Tuesday<\/td><td>10:00 AM &mdash; 8:00 PM<\/td><\/tr><tr ><td>Wednesday - Thursday<\/td><td>8:00 AM &mdash; 8:00 PM<\/td><\/tr><tr class=\"mbhi-is-current\"><td>Friday<\/td><td>8:00 AM &mdash; 4:00 PM<\/td><\/tr><tr ><td>Saturday - Sunday<\/td><td>Closed<\/td><\/tr><\/table>\n<\/div><\/div>\n<\/div><\/div><\/div>\n<!-- meta slider -->\n<div style=\"width: 100%; margin: 0 auto;\" class=\"metaslider metaslider-flex metaslider-105 ml-slider\">\n    <style type=\"text\/css\" id=\"metaslider-css-105\">\n        #metaslider_105.flexslider .slides li {margin-right: 5px !important;}\n    <\/style>\n    <div id=\"metaslider_container_105\">\n        <div id=\"metaslider_105\">\n            <ul class=\"slides\">\n                <li style=\"display: none; width: 100%;\" class=\"slide-106 ms-image\"><img src=\"https:\/\/uvi.lf1.cuni.cz\/en\/wp-content\/uploads\/2015\/11\/IMG_4394-600x300.jpg\" height=\"300\" width=\"600\" alt=\"\" class=\"slider-105 slide-106\" \/><div class=\"caption-wrap\"><div class=\"caption\">The view on U Nemocnice 4 building from Botanical Garden of the Faculty of Science<\/div><\/div><\/li>\n                <li style=\"display: none; width: 100%;\" class=\"slide-107 ms-image\"><img src=\"https:\/\/uvi.lf1.cuni.cz\/en\/wp-content\/uploads\/2015\/11\/IMG_4417-600x300.jpg\" height=\"300\" width=\"600\" alt=\"\" class=\"slider-105 slide-107\" \/><div class=\"caption-wrap\"><div class=\"caption\">There are 12 computers and 2 multifunctional devices in the study room of ISI<\/div><\/div><\/li>\n                <li style=\"display: none; width: 100%;\" class=\"slide-108 ms-image\"><img src=\"https:\/\/uvi.lf1.cuni.cz\/en\/wp-content\/uploads\/2015\/11\/IMG_4433-600x300.jpg\" height=\"300\" width=\"600\" alt=\"\" class=\"slider-105 slide-108\" \/><div class=\"caption-wrap\"><div class=\"caption\">A spacious hall in the study room is intended for daylong studies of registered users<\/div><\/div><\/li>\n                <li style=\"display: none; width: 100%;\" class=\"slide-109 ms-image\"><img src=\"https:\/\/uvi.lf1.cuni.cz\/en\/wp-content\/uploads\/2015\/11\/IMG_4436-600x300.jpg\" height=\"300\" width=\"600\" alt=\"\" class=\"slider-105 slide-109\" \/><div class=\"caption-wrap\"><div class=\"caption\">A room with literature for clinical studies and for foreign students<\/div><\/div><\/li>\n                <li style=\"display: none; width: 100%;\" class=\"slide-110 ms-image\"><img src=\"https:\/\/uvi.lf1.cuni.cz\/en\/wp-content\/uploads\/2015\/11\/IMG_4463-600x300.jpg\" height=\"300\" width=\"600\" alt=\"\" class=\"slider-105 slide-110\" \/><div class=\"caption-wrap\"><div class=\"caption\">Classroom 1.30 for ISI courses and seminars<\/div><\/div><\/li>\n                <li style=\"display: none; width: 100%;\" class=\"slide-111 ms-image\"><img src=\"https:\/\/uvi.lf1.cuni.cz\/en\/wp-content\/uploads\/2015\/11\/IMG_4466-600x300.jpg\" height=\"300\" width=\"600\" alt=\"\" class=\"slider-105 slide-111\" \/><div class=\"caption-wrap\"><div class=\"caption\">A daily room on the ground floor of U Nemocnice 4 building<\/div><\/div><\/li>\n            <\/ul>\n        <\/div>\n        \n    <\/div>\n    <script type=\"text\/javascript\">\n        var metaslider_105 = function($) {\n            $('#metaslider_105').addClass('flexslider'); \/\/ theme\/plugin conflict avoidance\n            $('#metaslider_105').flexslider({ \n                slideshowSpeed:3000,\n                animation:'slide',\n                controlNav:true,\n                directionNav:true,\n                pauseOnHover:true,\n                direction:'horizontal',\n                reverse:false,\n                animationSpeed:600,\n                prevText:\"&lt;\",\n                nextText:\"&gt;\",\n                easing:\"linear\",\n                slideshow:true,\n                itemWidth:600,\n                minItems:1,\n                itemMargin:5\n            });\n        };\n        var timer_metaslider_105 = function() {\n            var slider = !window.jQuery ? window.setTimeout(timer_metaslider_105, 100) : !jQuery.isReady ? window.setTimeout(timer_metaslider_105, 1) : metaslider_105(window.jQuery);\n        };\n        timer_metaslider_105();\n    <\/script>\n<\/div>\n<!--\/\/ meta slider-->\n<\/div>","protected":false},"excerpt":{"rendered":"","protected":false},"author":1,"featured_media":0,"parent":0,"menu_order":0,"comment_status":"closed","ping_status":"closed","template":"","meta":[],"_links":{"self":[{"href":"https:\/\/uvi.lf1.cuni.cz\/en\/wp-json\/wp\/v2\/pages\/61"}],"collection":[{"href":"https:\/\/uvi.lf1.cuni.cz\/en\/wp-json\/wp\/v2\/pages"}],"about":[{"href":"https:\/\/uvi.lf1.cuni.cz\/en\/wp-json\/wp\/v2\/types\/page"}],"author":[{"embeddable":true,"href":"https:\/\/uvi.lf1.cuni.cz\/en\/wp-json\/wp\/v2\/users\/1"}],"replies":[{"embeddable":true,"href":"https:\/\/uvi.lf1.cuni.cz\/en\/wp-json\/wp\/v2\/comments?post=61"}],"version-history":[{"count":215,"href":"https:\/\/uvi.lf1.cuni.cz\/en\/wp-json\/wp\/v2\/pages\/61\/revisions"}],"predecessor-version":[{"id":1875,"href":"https:\/\/uvi.lf1.cuni.cz\/en\/wp-json\/wp\/v2\/pages\/61\/revisions\/1875"}],"wp:attachment":[{"href":"https:\/\/uvi.lf1.cuni.cz\/en\/wp-json\/wp\/v2\/media?parent=61"}],"curies":[{"name":"wp","href":"https:\/\/api.w.org\/{rel}","templated":true}]}}