

 {"id":76,"date":"2015-11-11T17:00:29","date_gmt":"2015-11-11T16:00:29","guid":{"rendered":"http:\/\/uvi.lf1.cuni.cz\/en\/?page_id=76"},"modified":"2026-03-26T08:25:53","modified_gmt":"2026-03-26T07:25:53","slug":"contact","status":"publish","type":"page","link":"https:\/\/uvi.lf1.cuni.cz\/en\/contact\/","title":{"rendered":"Contact"},"content":{"rendered":"<div class=\"pf-content\"><div class=\"wc-shortcodes-row wc-shortcodes-item wc-shortcodes-clearfix\">\n<div class=\"wc-shortcodes-column wc-shortcodes-content wc-shortcodes-one-third wc-shortcodes-column-first \">\n<p><strong>Institute of Scientific Information 1. LF UK and VFN<\/strong><\/p>\n<p>U Nemocnice 4<br \/>\n121 08 Prague\u00a02<br \/>\n<i class=\"wc-shortcodes-fa fa fa-phone \" style=\"\"><\/i> Telefon +420 224 96 5614<br \/>\n<i class=\"wc-shortcodes-fa fa fa-fax \" style=\"\"><\/i> Fax +420 224 96 5601<\/p>\n<p>I\u010c: 00216208<br \/>\nDI\u010c: CZ00216208<\/p>\n<!-- Widget Shortcode --><div id=\"lsi_widget-2\" class=\"widget widget_lsi_widget\"><ul class=\"lsi-social-icons icon-set-lsi_widget-2\" style=\"text-align: left\"><li class=\"lsi-social-facebook\"><a class=\"\" rel=\"nofollow\" title=\"Facebook\" aria-label=\"Facebook\" href=\"https:\/\/www.facebook.com\/libraryuvi\" ><i class=\"lsicon lsicon-facebook\"><\/i><\/a><\/li><\/ul><\/div><!-- \/Widget Shortcode -->\n<h2><a id=\"oddeleniUVI\"><\/a>Library Departments<\/h2>\n<table style=\"height: 52px; width: 788px;\">\n<tbody>\n<tr>\n<td style=\"width: 185px;\">Head:<\/td>\n<td style=\"width: 362px;\"><a href=\"mailto:david.horvath@lf1.cuni.cz\">PhDr. David Horv\u00e1th, Ph.D., MBA, LL.M., P.G.D.J.<\/a><\/td>\n<td style=\"width: 219px;\">224 96 5600<\/td>\n<\/tr>\n<tr>\n<td style=\"width: 185px;\">Secretary:<\/td>\n<td style=\"width: 362px;\"><a href=\"mailto:barbora.hubalkova@lf1.cuni.cz\">Barbora Hub\u00e1lkov\u00e1<\/a><\/td>\n<td style=\"width: 219px;\">224 96 5602<\/td>\n<\/tr>\n<\/tbody>\n<\/table>\n<\/div>\n<div class=\"wc-shortcodes-column wc-shortcodes-content wc-shortcodes-one-third wc-shortcodes-column- \">\n<\/div>\n<div class=\"wc-shortcodes-column wc-shortcodes-content wc-shortcodes-one-third wc-shortcodes-column-last \">\n<div id=\"map_canvas_1\" class=\"googlemap wc-shortcodes-item\" style=\"height:220px;width:100%\"><input class=\"title\" type=\"hidden\" value=\"Institute of Scientific Information 1.LF UK and VFN\" \/><input class=\"location\" type=\"hidden\" value=\"U nemocnice 4, 121 08 Praha 2\" \/><input class=\"zoom\" type=\"hidden\" value=\"15\" \/><input class=\"title-on-load\" type=\"hidden\" value=\"0\" \/><div class=\"map_canvas\"><\/div><\/div>\n<\/div>\n<\/div>\n<p><strong>Library<\/strong><\/p>\n<table>\n<tbody>\n<tr>\n<td width=\"223\">loan services:<\/td>\n<td width=\"186\">224 96 5614<\/td>\n<td width=\"362\"><a href=\"mailto:pujcovna%40lf1.cuni.cz\">e-mail<\/a><\/td>\n<\/tr>\n<tr>\n<td width=\"223\">study room:<\/td>\n<td width=\"186\">224 96 5610<\/td>\n<td width=\"362\"><a href=\"mailto:pujcovna%40lf1.cuni.cz\">e-mail<\/a><\/td>\n<\/tr>\n<tr>\n<td width=\"223\">book acquisition:<\/td>\n<td width=\"186\">224 96 5605<\/td>\n<td width=\"362\"><a href=\"mailto:jitka.krickova%40lf1.cuni.cz\">e-mail<\/a><\/td>\n<\/tr>\n<tr>\n<td width=\"223\">interlibrary loan service (ILS):<\/td>\n<td width=\"186\">224 96 5607, 5608<\/td>\n<td width=\"362\"><a href=\"mailto:jan.skrdleta@lf1.cuni.cz\">e-mail<\/a><\/td>\n<\/tr>\n<\/tbody>\n<\/table>\n<p><strong>Science Support<\/strong><\/p>\n<table>\n<tbody>\n<tr>\n<td width=\"223\">e-resources:<\/td>\n<td width=\"186\">224 96 5600, 5646<\/td>\n<td width=\"362\"><a href=\"mailto:david.horvath@lf1.cuni.cz\">e-mail<\/a><\/p>\n<p><a href=\"mailto:jitka.stejskalova@lf1.cuni.cz\">e-mail<\/a><\/td>\n<\/tr>\n<tr>\n<td width=\"223\">remote access to EIR:<\/td>\n<td width=\"186\">224 96 5600, 5646<\/td>\n<td width=\"362\"><a href=\"mailto:david.horvath@lf1.cuni.cz\">e-mail<\/a><\/p>\n<p><a href=\"mailto:jitka.stejskalova@lf1.cuni.cz\">e-mail<\/a><\/td>\n<\/tr>\n<\/tbody>\n<\/table>\n<h2><a id=\"employeesUVI\"><\/a>Employees<\/h2>\n<table style=\"height: 580px; width: 1259px;\">\n<tbody>\n<tr>\n<td style=\"width: 375.953px;\"><a href=\"mailto:masterf@gmail.com\">Ara\u00fajo Fernando<\/a><\/td>\n<td style=\"width: 281.047px;\">224 96 5639<\/td>\n<td style=\"width: 583px;\">cloakroom<\/td>\n<\/tr>\n<tr>\n<td style=\"width: 375.953px;\"><a href=\"mailto:irena.brunnhoferova@lf1.cuni.cz\">Brunnhoferov\u00e1, Irena<\/a><\/td>\n<td style=\"width: 281.047px;\">224 96 5648<\/td>\n<td style=\"width: 583px;\">rare books restoration<\/td>\n<\/tr>\n<tr>\n<td style=\"width: 375.953px;\"><a href=\"mailto:veronika.bachorcova@lf1.cuni.cz\">Bachorcov\u00e1 Veronika<\/a><\/td>\n<td style=\"width: 281.047px;\">224 96 5639<\/td>\n<td style=\"width: 583px;\">cloakroom<\/td>\n<\/tr>\n<tr>\n<td style=\"width: 375.953px;\"><a href=\"mailto:vaclav.doubek@lf1.cuni.cz\">Doubek V\u00e1clav, MgA.<\/a><\/td>\n<td style=\"width: 281.047px;\">224 96 5608-9, 5614<\/td>\n<td style=\"width: 583px;\">loan services<\/td>\n<\/tr>\n<tr>\n<td style=\"width: 375.953px;\"><a href=\"mailto:katerina.hajdukova@lf1.cuni.cz\">Hajdukov\u00e1 Kate\u0159ina, Mgr.<\/a><\/td>\n<td style=\"width: 281.047px;\">224 96 5606<\/td>\n<td style=\"width: 583px;\"><strong>head of Library,<\/strong> management of library system, acquisition, Turnitin, courses<\/td>\n<\/tr>\n<tr>\n<td style=\"width: 375.953px;\"><a href=\"mailto:tomas.herrmann%40lf1.cuni.cz\">Herrmann Tom\u00e1\u0161<\/a><\/td>\n<td style=\"width: 281.047px;\">224 96 5603<\/td>\n<td style=\"width: 583px;\">photography and video services<\/td>\n<\/tr>\n<tr>\n<td style=\"width: 375.953px;\"><a href=\"mailto:jana.patockova2%40lf1.cuni.cz\">Homolkov\u00e1 Jana, Bc.<\/a><\/td>\n<td style=\"width: 281.047px;\">224 96 5618<\/td>\n<td style=\"width: 583px;\">bibliographic services<\/td>\n<\/tr>\n<tr>\n<td style=\"width: 375.953px;\"><a href=\"mailto:david.horvath%40lf1.cuni.cz\">Horv\u00e1th David, PhDr., Ph.D., MBA, LL.M., P.G.D.J.<\/a><\/td>\n<td style=\"width: 281.047px;\">224 96 5600<\/td>\n<td style=\"width: 583px;\"><strong>head of ISI,<\/strong> e-resources, reference services, acquisition, book awards, Turnitin, courses<\/td>\n<\/tr>\n<tr>\n<td style=\"width: 375.953px;\"><a href=\"mailto:barbora.hubalkova@lf1.cuni.cz\">Hub\u00e1lkov\u00e1 Barbora<\/a><\/td>\n<td style=\"width: 281.047px;\">224 96 5602<\/td>\n<td style=\"width: 583px;\">secretary<\/td>\n<\/tr>\n<tr>\n<td style=\"width: 375.953px;\"><a href=\"mailto:alzbeta.christelova%40lf1.cuni.cz\">Christelov\u00e1 Al\u017eb\u011bta, Mgr.<\/a><\/td>\n<td style=\"width: 281.047px;\">224 96 5619<\/td>\n<td style=\"width: 583px;\">bibliographic services, open access<\/td>\n<\/tr>\n<tr>\n<td style=\"width: 375.953px;\"><a href=\"mailto:marketa.ivankova@lf1.cuni.cz\">Iv\u00e1nkov\u00e1 Mark\u00e9ta, PhDr. Mgr., Ph.D.<\/a><\/td>\n<td style=\"width: 281.047px;\">224 96 5648<\/td>\n<td style=\"width: 583px;\">historic collections<\/td>\n<\/tr>\n<tr>\n<td style=\"width: 375.953px;\"><a href=\"mailto:jiri.kabrt@lf1.cuni.cz\">K\u00e1brt Ji\u0159\u00ed, Mgr.<\/a><\/td>\n<td style=\"width: 281.047px;\">224 96 4570<\/td>\n<td style=\"width: 583px;\">technical editorial staff of Folia Biologica<\/td>\n<\/tr>\n<tr>\n<td style=\"width: 375.953px;\"><a href=\"mailto:marie.kalinova@lf1.cuni.cz\">Kalinov\u00e1 Marie, Mgr.<\/a><\/td>\n<td style=\"width: 281.047px;\">224 96 5611<\/td>\n<td style=\"width: 583px;\">sublibrary support<\/td>\n<\/tr>\n<tr>\n<td style=\"width: 375.953px;\"><a href=\"mailto:jitka.krickova%40lf1.cuni.cz\">Kri\u010dkov\u00e1 Jitka<\/a><\/td>\n<td style=\"width: 281.047px;\">224 96 5605<\/td>\n<td style=\"width: 583px;\">acquisition<\/td>\n<\/tr>\n<tr>\n<td style=\"width: 375.953px;\"><a href=\"mailto:barbora.krutakova@lf1.cuni.cz\">Krut\u00e1kov\u00e1 Barbora, Mgr.<\/a><\/td>\n<td style=\"width: 281.047px;\">224 96 5612<\/td>\n<td style=\"width: 583px;\">research data management (VFN), Turnitin, courses<\/td>\n<\/tr>\n<tr>\n<td style=\"width: 375.953px;\"><a href=\"mailto:kveta.marikova@lf1.cuni.cz\">Ma\u0159\u00edkov\u00e1 Kv\u011bta, BBus<\/a><\/td>\n<td style=\"width: 281.047px;\">224 96 5608<\/td>\n<td style=\"width: 583px;\">funds revision, recataloging<\/td>\n<\/tr>\n<tr>\n<td style=\"width: 375.953px;\"><a href=\"mailto:monika.motyckova@lf1.cuni.cz\">Moty\u010dkov\u00e1 Monika, BBus (Hons)<\/a><\/td>\n<td style=\"width: 281.047px;\">224 96 5604<\/td>\n<td style=\"width: 583px;\">cataloging<\/td>\n<\/tr>\n<tr>\n<td style=\"width: 375.953px;\"><a href=\"mailto:anna.novakova@lf1.cuni.cz\">Nov\u00e1kov\u00e1 Anna<\/a><\/td>\n<td style=\"width: 281.047px;\">224 96 5608-9, 5614<\/td>\n<td style=\"width: 583px;\">loan services<\/td>\n<\/tr>\n<tr>\n<td style=\"width: 375.953px;\"><a href=\"mailto:ludmila.puzmanova%40lf1.cuni.cz\">Pu\u017emanov\u00e1 Ludmila<\/a><\/td>\n<td style=\"width: 281.047px;\">224 96 5611<\/td>\n<td style=\"width: 583px;\">journal acquisition, sublibrary support<\/td>\n<\/tr>\n<tr>\n<td style=\"width: 375.953px;\"><a href=\"mailto:zuzana.ruzbatska@vfn.cz\">Ru\u017ebatsk\u00e1 Zuzana, BBus (Hons)<\/a><\/td>\n<td style=\"width: 281.047px;\">224 96 5608<\/td>\n<td style=\"width: 583px;\">recataloging, book awards<\/td>\n<\/tr>\n<tr>\n<td style=\"width: 375.953px;\"><a href=\"mailto:pavel.steiner%40lf1.cuni.cz\">Steiner Pavel, Dis<\/a><\/td>\n<td style=\"width: 281.047px;\">224 96 5608-9, 5614<\/td>\n<td style=\"width: 583px;\">loan services<\/td>\n<\/tr>\n<tr>\n<td style=\"width: 375.953px;\"><a href=\"mailto:jitka.stejskalova@lf1.cuni.cz\">Stejskalov\u00e1 Jitka, Mgr.<\/a><\/td>\n<td style=\"width: 281.047px;\">224 96 5646<\/td>\n<td style=\"width: 583px;\"><strong>head of Scientific Support Department,<\/strong> e-resources, digitization, digital library<\/td>\n<\/tr>\n<tr>\n<td style=\"width: 375.953px;\"><a href=\"mailto:frantisek.simunek@lf1.cuni.cz\">\u0160im\u016fnek Franti\u0161ek<\/a><\/td>\n<td style=\"width: 281.047px;\">224 96 5607, 5614<\/td>\n<td style=\"width: 583px;\">loan services<\/td>\n<\/tr>\n<tr>\n<td style=\"width: 375.953px;\"><a href=\"mailto:jan.skrdleta%40lf1.cuni.cz\">\u0160krdleta Jan<\/a><\/td>\n<td style=\"width: 281.047px;\">224 96 5608<\/td>\n<td style=\"width: 583px;\">interlibrary loan service (ILS)<\/td>\n<\/tr>\n<tr>\n<td style=\"width: 375.953px;\"><a href=\"mailto:lucie.sulcova@lf1.cuni.cz\">\u0160ulcov\u00e1 Lucie, Mgr.<\/a><\/td>\n<td style=\"width: 281.047px;\">224 96 4570<\/td>\n<td style=\"width: 583px;\">technical editorial staff of Prague Medical Report and Acta Univeritatis Medica<\/td>\n<\/tr>\n<tr>\n<td style=\"width: 375.953px;\"><a href=\"mailto:marvec@volny.cz\">Vecka Marek, RNDr., Ph.D.<\/a><\/td>\n<td style=\"width: 281.047px;\">224 96 4300<\/td>\n<td style=\"width: 583px;\">evaluation of scientific work<\/td>\n<\/tr>\n<tr>\n<td style=\"width: 375.953px;\"><a href=\"mailto:margita.zounarova@lf1.cuni.cz\">Zounarov\u00e1, Margita<\/a><\/td>\n<td style=\"width: 281.047px;\">224 96 5608-9, 5614<\/td>\n<td style=\"width: 583px;\">loan services management<\/td>\n<\/tr>\n<\/tbody>\n<\/table>\n<p>&nbsp;<\/p>\n<\/div>","protected":false},"excerpt":{"rendered":"<p>Institute of Scientific Information 1. LF UK and VFN U Nemocnice 4 121 08 Prague\u00a02 Telefon +420 224 96 5614 Fax +420 224 96 5601 I\u010c: 00216208 DI\u010c: CZ00216208 Library Departments Head: PhDr. David Horv\u00e1th, Ph.D., MBA, LL.M., P.G.D.J. 224 96 5600 Secretary: Barbora Hub\u00e1lkov\u00e1 224 96 5602 Library loan services: 224 96 5614 e-mail &#8230; <a title=\"Contact\" class=\"read-more\" href=\"https:\/\/uvi.lf1.cuni.cz\/en\/contact\/\" aria-label=\"Read more about Contact\">Read more<\/a><\/p>\n","protected":false},"author":3,"featured_media":0,"parent":0,"menu_order":0,"comment_status":"closed","ping_status":"closed","template":"","meta":[],"_links":{"self":[{"href":"https:\/\/uvi.lf1.cuni.cz\/en\/wp-json\/wp\/v2\/pages\/76"}],"collection":[{"href":"https:\/\/uvi.lf1.cuni.cz\/en\/wp-json\/wp\/v2\/pages"}],"about":[{"href":"https:\/\/uvi.lf1.cuni.cz\/en\/wp-json\/wp\/v2\/types\/page"}],"author":[{"embeddable":true,"href":"https:\/\/uvi.lf1.cuni.cz\/en\/wp-json\/wp\/v2\/users\/3"}],"replies":[{"embeddable":true,"href":"https:\/\/uvi.lf1.cuni.cz\/en\/wp-json\/wp\/v2\/comments?post=76"}],"version-history":[{"count":72,"href":"https:\/\/uvi.lf1.cuni.cz\/en\/wp-json\/wp\/v2\/pages\/76\/revisions"}],"predecessor-version":[{"id":1962,"href":"https:\/\/uvi.lf1.cuni.cz\/en\/wp-json\/wp\/v2\/pages\/76\/revisions\/1962"}],"wp:attachment":[{"href":"https:\/\/uvi.lf1.cuni.cz\/en\/wp-json\/wp\/v2\/media?parent=76"}],"curies":[{"name":"wp","href":"https:\/\/api.w.org\/{rel}","templated":true}]}}